{"id":2952,"date":"2020-10-06T17:01:06","date_gmt":"2020-10-06T17:01:06","guid":{"rendered":"https:\/\/moremilk2day.com\/product\/tankmilch-untersuchung\/"},"modified":"2022-09-29T16:35:12","modified_gmt":"2022-09-29T15:35:12","slug":"tankmilch-untersuchung","status":"publish","type":"product","link":"https:\/\/moremilk2day.com\/de\/produkt\/tankmilch-untersuchung\/","title":{"rendered":"Tankmilch-Untersuchung"},"content":{"rendered":"","protected":false},"excerpt":{"rendered":"<p>Der PCR-Tankmilch-Test untersucht Ihre Tankmilch auf das Vorhandensein von DNA aller 15 g\u00e4ngigen Mastitiserreger.<\/p>\n<p>&nbsp;<\/p>\n<p><strong>Wie funktioniert das?<\/strong><\/p>\n<ol>\n<li>Sie fordern einen einmaligen, viertelj\u00e4hrlichen oder monatlichen Tankmilchtest an und erhalten das notwendige Material von MoreMilk2Day.<\/li>\n<li>In der Packung erhalten Sie eine klare Anleitung, mehrere Probenr\u00f6hrchen und Pipetten (je nach gew\u00e4hltem Produkt).<\/li>\n<li>Nehmen Sie auf der Grundlage der Anweisung eine Probe und schicken Sie diese per Post an das Labor von MoreMilk2Day.<\/li>\n<\/ol>\n<p><strong>Sie k\u00f6nnen den Tankmilchtest auf folgende Arten durchf\u00fchren:<\/strong><\/p>\n<p>Einzeltankmilchpr\u00fcfung (einschlie\u00dflich\u00a0 Dashboard)<br \/>\n\u20ac 67.50<\/p>\n<p>Pro Quartal (3x Tankmilchprobe, einschlie\u00dflich Dashboard &amp; telefonischer Betriebsberatung)<br \/>\n\u20ac 199.95<\/p>\n<p>Jahresabo pro Quartal (4 x Tankmilchuntersuchung, einschlie\u00dflich Dashboard &amp; 2 kostenloser Betriebsberatungen per Telefon)<br \/>\n\u20ac 250<\/p>\n<p>Jahresabo pro Monat (12 x Tankmilchuntersuchung, einschlie\u00dflich Dashboard &amp; 2 kostenloser Betriebsberatungen per Telefon)<br \/>\n\u20ac 675<\/p>\n","protected":false},"featured_media":2522,"comment_status":"open","ping_status":"closed","template":"","meta":{"inline_featured_image":false,"_kad_post_transparent":"default","_kad_post_title":"","_kad_post_layout":"default","_kad_post_sidebar_id":"","_kad_post_content_style":"default","_kad_post_vertical_padding":"default","_kad_post_feature":"","_kad_post_feature_position":"","_kad_post_header":false,"_kad_post_footer":false},"product_brand":[],"product_cat":[55],"product_tag":[],"class_list":{"0":"post-2952","1":"product","2":"type-product","3":"status-publish","4":"has-post-thumbnail","6":"product_cat-forschung","8":"first","9":"instock","10":"taxable","11":"shipping-taxable","12":"purchasable","13":"product-type-variable","14":"entry","15":"content-bg","16":"loop-entry"},"yoast_head":"<!-- This site is optimized with the Yoast SEO plugin v25.2 - https:\/\/yoast.com\/wordpress\/plugins\/seo\/ -->\n<title>Tankmilch-Untersuchung - More Milk 2 Day<\/title>\n<meta name=\"robots\" content=\"index, follow, max-snippet:-1, max-image-preview:large, max-video-preview:-1\" \/>\n<link rel=\"canonical\" href=\"https:\/\/moremilk2day.com\/produkt\/tank-milk-survey\/\" \/>\n<meta property=\"og:locale\" content=\"de_DE\" \/>\n<meta property=\"og:type\" content=\"article\" \/>\n<meta property=\"og:title\" content=\"Tankmilch-Untersuchung - More Milk 2 Day\" \/>\n<meta property=\"og:description\" content=\"Der PCR-Tankmilch-Test untersucht Ihre Tankmilch auf das Vorhandensein von DNA aller 15 g\u00e4ngigen Mastitiserreger.  &nbsp;  Wie funktioniert das?   Sie fordern einen einmaligen, viertelj\u00e4hrlichen oder monatlichen Tankmilchtest an und erhalten das notwendige Material von MoreMilk2Day.  In der Packung erhalten Sie eine klare Anleitung, mehrere Probenr\u00f6hrchen und Pipetten (je nach gew\u00e4hltem Produkt).  Nehmen Sie auf der Grundlage der Anweisung eine Probe und schicken Sie diese per Post an das Labor von MoreMilk2Day.  Sie k\u00f6nnen den Tankmilchtest auf folgende Arten durchf\u00fchren:  Einzeltankmilchpr\u00fcfung (einschlie\u00dflich\u00a0 Dashboard) \u20ac 67.50  Pro Quartal (3x Tankmilchprobe, einschlie\u00dflich Dashboard &amp; telefonischer Betriebsberatung) \u20ac 199.95  Jahresabo pro Quartal (4 x Tankmilchuntersuchung, einschlie\u00dflich Dashboard &amp; 2 kostenloser Betriebsberatungen per Telefon) \u20ac 250  Jahresabo pro Monat (12 x Tankmilchuntersuchung, einschlie\u00dflich Dashboard &amp; 2 kostenloser Betriebsberatungen per Telefon) \u20ac 675\" \/>\n<meta property=\"og:url\" content=\"https:\/\/moremilk2day.com\/produkt\/tank-milk-survey\/\" \/>\n<meta property=\"og:site_name\" content=\"More Milk 2 Day\" \/>\n<meta property=\"article:modified_time\" content=\"2022-09-29T15:35:12+00:00\" \/>\n<meta property=\"og:image\" content=\"https:\/\/moremilk2day.com\/wp-content\/uploads\/2020\/10\/Tankmelkonderzoek_2x.jpg\" \/>\n\t<meta property=\"og:image:width\" content=\"1200\" \/>\n\t<meta property=\"og:image:height\" content=\"1200\" \/>\n\t<meta property=\"og:image:type\" content=\"image\/jpeg\" \/>\n<meta name=\"twitter:card\" content=\"summary_large_image\" \/>\n<script type=\"application\/ld+json\" class=\"yoast-schema-graph\">{\"@context\":\"https:\/\/schema.org\",\"@graph\":[{\"@type\":\"WebPage\",\"@id\":\"https:\/\/moremilk2day.com\/produkt\/tank-milk-survey\/\",\"url\":\"https:\/\/moremilk2day.com\/produkt\/tank-milk-survey\/\",\"name\":\"Tankmilch-Untersuchung - More Milk 2 Day\",\"isPartOf\":{\"@id\":\"https:\/\/moremilk2day.com\/#website\"},\"primaryImageOfPage\":{\"@id\":\"https:\/\/moremilk2day.com\/produkt\/tank-milk-survey\/#primaryimage\"},\"image\":{\"@id\":\"https:\/\/moremilk2day.com\/produkt\/tank-milk-survey\/#primaryimage\"},\"thumbnailUrl\":\"https:\/\/moremilk2day.com\/wp-content\/uploads\/2020\/10\/Tankmelkonderzoek_2x.jpg\",\"datePublished\":\"2020-10-06T17:01:06+00:00\",\"dateModified\":\"2022-09-29T15:35:12+00:00\",\"breadcrumb\":{\"@id\":\"https:\/\/moremilk2day.com\/produkt\/tank-milk-survey\/#breadcrumb\"},\"inLanguage\":\"de\",\"potentialAction\":[{\"@type\":\"ReadAction\",\"target\":[\"https:\/\/moremilk2day.com\/produkt\/tank-milk-survey\/\"]}]},{\"@type\":\"ImageObject\",\"inLanguage\":\"de\",\"@id\":\"https:\/\/moremilk2day.com\/produkt\/tank-milk-survey\/#primaryimage\",\"url\":\"https:\/\/moremilk2day.com\/wp-content\/uploads\/2020\/10\/Tankmelkonderzoek_2x.jpg\",\"contentUrl\":\"https:\/\/moremilk2day.com\/wp-content\/uploads\/2020\/10\/Tankmelkonderzoek_2x.jpg\",\"width\":1200,\"height\":1200},{\"@type\":\"BreadcrumbList\",\"@id\":\"https:\/\/moremilk2day.com\/produkt\/tank-milk-survey\/#breadcrumb\",\"itemListElement\":[{\"@type\":\"ListItem\",\"position\":1,\"name\":\"Home\",\"item\":\"https:\/\/moremilk2day.com\/de\/\"},{\"@type\":\"ListItem\",\"position\":2,\"name\":\"Produkte\",\"item\":\"https:\/\/moremilk2day.com\/de\/produkte\/\"},{\"@type\":\"ListItem\",\"position\":3,\"name\":\"Tankmilch-Untersuchung\"}]},{\"@type\":\"WebSite\",\"@id\":\"https:\/\/moremilk2day.com\/#website\",\"url\":\"https:\/\/moremilk2day.com\/\",\"name\":\"More Milk 2 Day\",\"description\":\"Wij ondersteunen melkveehouders bij het houden van gezonde koeien die (h)eerlijke melk produceren\",\"publisher\":{\"@id\":\"https:\/\/moremilk2day.com\/#organization\"},\"potentialAction\":[{\"@type\":\"SearchAction\",\"target\":{\"@type\":\"EntryPoint\",\"urlTemplate\":\"https:\/\/moremilk2day.com\/?s={search_term_string}\"},\"query-input\":{\"@type\":\"PropertyValueSpecification\",\"valueRequired\":true,\"valueName\":\"search_term_string\"}}],\"inLanguage\":\"de\"},{\"@type\":\"Organization\",\"@id\":\"https:\/\/moremilk2day.com\/#organization\",\"name\":\"MoreMilk2Day B.V.\",\"url\":\"https:\/\/moremilk2day.com\/\",\"logo\":{\"@type\":\"ImageObject\",\"inLanguage\":\"de\",\"@id\":\"https:\/\/moremilk2day.com\/#\/schema\/logo\/image\/\",\"url\":\"https:\/\/moremilk2day.com\/wp-content\/uploads\/2020\/10\/Logo_MoreMilk2Day.png\",\"contentUrl\":\"https:\/\/moremilk2day.com\/wp-content\/uploads\/2020\/10\/Logo_MoreMilk2Day.png\",\"width\":2520,\"height\":660,\"caption\":\"MoreMilk2Day B.V.\"},\"image\":{\"@id\":\"https:\/\/moremilk2day.com\/#\/schema\/logo\/image\/\"}}]}<\/script>\n<!-- \/ Yoast SEO plugin. -->","yoast_head_json":{"title":"Tankmilch-Untersuchung - More Milk 2 Day","robots":{"index":"index","follow":"follow","max-snippet":"max-snippet:-1","max-image-preview":"max-image-preview:large","max-video-preview":"max-video-preview:-1"},"canonical":"https:\/\/moremilk2day.com\/produkt\/tank-milk-survey\/","og_locale":"de_DE","og_type":"article","og_title":"Tankmilch-Untersuchung - More Milk 2 Day","og_description":"Der PCR-Tankmilch-Test untersucht Ihre Tankmilch auf das Vorhandensein von DNA aller 15 g\u00e4ngigen Mastitiserreger.  &nbsp;  Wie funktioniert das?   Sie fordern einen einmaligen, viertelj\u00e4hrlichen oder monatlichen Tankmilchtest an und erhalten das notwendige Material von MoreMilk2Day.  In der Packung erhalten Sie eine klare Anleitung, mehrere Probenr\u00f6hrchen und Pipetten (je nach gew\u00e4hltem Produkt).  Nehmen Sie auf der Grundlage der Anweisung eine Probe und schicken Sie diese per Post an das Labor von MoreMilk2Day.  Sie k\u00f6nnen den Tankmilchtest auf folgende Arten durchf\u00fchren:  Einzeltankmilchpr\u00fcfung (einschlie\u00dflich\u00a0 Dashboard) \u20ac 67.50  Pro Quartal (3x Tankmilchprobe, einschlie\u00dflich Dashboard &amp; telefonischer Betriebsberatung) \u20ac 199.95  Jahresabo pro Quartal (4 x Tankmilchuntersuchung, einschlie\u00dflich Dashboard &amp; 2 kostenloser Betriebsberatungen per Telefon) \u20ac 250  Jahresabo pro Monat (12 x Tankmilchuntersuchung, einschlie\u00dflich Dashboard &amp; 2 kostenloser Betriebsberatungen per Telefon) \u20ac 675","og_url":"https:\/\/moremilk2day.com\/produkt\/tank-milk-survey\/","og_site_name":"More Milk 2 Day","article_modified_time":"2022-09-29T15:35:12+00:00","og_image":[{"width":1200,"height":1200,"url":"https:\/\/moremilk2day.com\/wp-content\/uploads\/2020\/10\/Tankmelkonderzoek_2x.jpg","type":"image\/jpeg"}],"twitter_card":"summary_large_image","schema":{"@context":"https:\/\/schema.org","@graph":[{"@type":"WebPage","@id":"https:\/\/moremilk2day.com\/produkt\/tank-milk-survey\/","url":"https:\/\/moremilk2day.com\/produkt\/tank-milk-survey\/","name":"Tankmilch-Untersuchung - More Milk 2 Day","isPartOf":{"@id":"https:\/\/moremilk2day.com\/#website"},"primaryImageOfPage":{"@id":"https:\/\/moremilk2day.com\/produkt\/tank-milk-survey\/#primaryimage"},"image":{"@id":"https:\/\/moremilk2day.com\/produkt\/tank-milk-survey\/#primaryimage"},"thumbnailUrl":"https:\/\/moremilk2day.com\/wp-content\/uploads\/2020\/10\/Tankmelkonderzoek_2x.jpg","datePublished":"2020-10-06T17:01:06+00:00","dateModified":"2022-09-29T15:35:12+00:00","breadcrumb":{"@id":"https:\/\/moremilk2day.com\/produkt\/tank-milk-survey\/#breadcrumb"},"inLanguage":"de","potentialAction":[{"@type":"ReadAction","target":["https:\/\/moremilk2day.com\/produkt\/tank-milk-survey\/"]}]},{"@type":"ImageObject","inLanguage":"de","@id":"https:\/\/moremilk2day.com\/produkt\/tank-milk-survey\/#primaryimage","url":"https:\/\/moremilk2day.com\/wp-content\/uploads\/2020\/10\/Tankmelkonderzoek_2x.jpg","contentUrl":"https:\/\/moremilk2day.com\/wp-content\/uploads\/2020\/10\/Tankmelkonderzoek_2x.jpg","width":1200,"height":1200},{"@type":"BreadcrumbList","@id":"https:\/\/moremilk2day.com\/produkt\/tank-milk-survey\/#breadcrumb","itemListElement":[{"@type":"ListItem","position":1,"name":"Home","item":"https:\/\/moremilk2day.com\/de\/"},{"@type":"ListItem","position":2,"name":"Produkte","item":"https:\/\/moremilk2day.com\/de\/produkte\/"},{"@type":"ListItem","position":3,"name":"Tankmilch-Untersuchung"}]},{"@type":"WebSite","@id":"https:\/\/moremilk2day.com\/#website","url":"https:\/\/moremilk2day.com\/","name":"More Milk 2 Day","description":"Wij ondersteunen melkveehouders bij het houden van gezonde koeien die (h)eerlijke melk produceren","publisher":{"@id":"https:\/\/moremilk2day.com\/#organization"},"potentialAction":[{"@type":"SearchAction","target":{"@type":"EntryPoint","urlTemplate":"https:\/\/moremilk2day.com\/?s={search_term_string}"},"query-input":{"@type":"PropertyValueSpecification","valueRequired":true,"valueName":"search_term_string"}}],"inLanguage":"de"},{"@type":"Organization","@id":"https:\/\/moremilk2day.com\/#organization","name":"MoreMilk2Day B.V.","url":"https:\/\/moremilk2day.com\/","logo":{"@type":"ImageObject","inLanguage":"de","@id":"https:\/\/moremilk2day.com\/#\/schema\/logo\/image\/","url":"https:\/\/moremilk2day.com\/wp-content\/uploads\/2020\/10\/Logo_MoreMilk2Day.png","contentUrl":"https:\/\/moremilk2day.com\/wp-content\/uploads\/2020\/10\/Logo_MoreMilk2Day.png","width":2520,"height":660,"caption":"MoreMilk2Day B.V."},"image":{"@id":"https:\/\/moremilk2day.com\/#\/schema\/logo\/image\/"}}]}},"_links":{"self":[{"href":"https:\/\/moremilk2day.com\/de\/wp-json\/wp\/v2\/product\/2952","targetHints":{"allow":["GET"]}}],"collection":[{"href":"https:\/\/moremilk2day.com\/de\/wp-json\/wp\/v2\/product"}],"about":[{"href":"https:\/\/moremilk2day.com\/de\/wp-json\/wp\/v2\/types\/product"}],"replies":[{"embeddable":true,"href":"https:\/\/moremilk2day.com\/de\/wp-json\/wp\/v2\/comments?post=2952"}],"wp:featuredmedia":[{"embeddable":true,"href":"https:\/\/moremilk2day.com\/de\/wp-json\/wp\/v2\/media\/2522"}],"wp:attachment":[{"href":"https:\/\/moremilk2day.com\/de\/wp-json\/wp\/v2\/media?parent=2952"}],"wp:term":[{"taxonomy":"product_brand","embeddable":true,"href":"https:\/\/moremilk2day.com\/de\/wp-json\/wp\/v2\/product_brand?post=2952"},{"taxonomy":"product_cat","embeddable":true,"href":"https:\/\/moremilk2day.com\/de\/wp-json\/wp\/v2\/product_cat?post=2952"},{"taxonomy":"product_tag","embeddable":true,"href":"https:\/\/moremilk2day.com\/de\/wp-json\/wp\/v2\/product_tag?post=2952"}],"curies":[{"name":"wp","href":"https:\/\/api.w.org\/{rel}","templated":true}]}}