{"id":2958,"date":"2020-10-07T08:38:37","date_gmt":"2020-10-07T08:38:37","guid":{"rendered":"https:\/\/moremilk2day.com\/product\/einstreu-untersuchung\/"},"modified":"2021-08-03T13:50:10","modified_gmt":"2021-08-03T12:50:10","slug":"einstreu-untersuchung","status":"publish","type":"product","link":"https:\/\/moremilk2day.com\/de\/produkt\/einstreu-untersuchung\/","title":{"rendered":"Einstreu Untersuchung"},"content":{"rendered":"","protected":false},"excerpt":{"rendered":"<p>Der PCR-Wurf-Test testet Ihren Wurf auf das Vorhandensein von DNA von allen 15 g\u00e4ngigen Mastitis-Erregern.<\/p>\n<p><strong>Wie funktioniert das?<br \/>\n<\/strong>Sie beantragen eine einmalige, viertelj\u00e4hrliche oder j\u00e4hrliche Einstreu- Untersuchung und erhalten die notwendigen Materialien von MoreMilk2Day.<\/p>\n<p>In der Verpackung erhalten Sie eine klare Anleitung, mehrere vorbereitete Verpackungen (je nach gew\u00e4hltem Produkt).<\/p>\n<p>Auf der Grundlage der Anweisung nehmen Sie eine Probe und senden diese per Post an das Labor von MoreMilk2Day.<\/p>\n","protected":false},"featured_media":2525,"comment_status":"open","ping_status":"closed","template":"","meta":{"inline_featured_image":false,"_kad_post_transparent":"","_kad_post_title":"","_kad_post_layout":"","_kad_post_sidebar_id":"","_kad_post_content_style":"","_kad_post_vertical_padding":"","_kad_post_feature":"","_kad_post_feature_position":"","_kad_post_header":false,"_kad_post_footer":false},"product_brand":[],"product_cat":[55],"product_tag":[],"class_list":{"0":"post-2958","1":"product","2":"type-product","3":"status-publish","4":"has-post-thumbnail","6":"product_cat-forschung","8":"first","9":"instock","10":"taxable","11":"shipping-taxable","12":"purchasable","13":"product-type-variable","14":"entry","15":"content-bg","16":"loop-entry"},"yoast_head":"<!-- This site is optimized with the Yoast SEO plugin v25.2 - https:\/\/yoast.com\/wordpress\/plugins\/seo\/ -->\n<title>Einstreu Untersuchung - More Milk 2 Day<\/title>\n<meta name=\"robots\" content=\"index, follow, max-snippet:-1, max-image-preview:large, max-video-preview:-1\" \/>\n<link rel=\"canonical\" href=\"https:\/\/moremilk2day.com\/produkt\/litter-research\/\" \/>\n<meta property=\"og:locale\" content=\"de_DE\" \/>\n<meta property=\"og:type\" content=\"article\" \/>\n<meta property=\"og:title\" content=\"Einstreu Untersuchung - More Milk 2 Day\" \/>\n<meta property=\"og:description\" content=\"Der PCR-Wurf-Test testet Ihren Wurf auf das Vorhandensein von DNA von allen 15 g\u00e4ngigen Mastitis-Erregern.  Wie funktioniert das? Sie beantragen eine einmalige, viertelj\u00e4hrliche oder j\u00e4hrliche Einstreu- Untersuchung und erhalten die notwendigen Materialien von MoreMilk2Day.  In der Verpackung erhalten Sie eine klare Anleitung, mehrere vorbereitete Verpackungen (je nach gew\u00e4hltem Produkt).  Auf der Grundlage der Anweisung nehmen Sie eine Probe und senden diese per Post an das Labor von MoreMilk2Day.\" \/>\n<meta property=\"og:url\" content=\"https:\/\/moremilk2day.com\/produkt\/litter-research\/\" \/>\n<meta property=\"og:site_name\" content=\"More Milk 2 Day\" \/>\n<meta property=\"article:modified_time\" content=\"2021-08-03T12:50:10+00:00\" \/>\n<meta property=\"og:image\" content=\"https:\/\/moremilk2day.com\/wp-content\/uploads\/2020\/10\/Strooiselonderzoek_2x.jpg\" \/>\n\t<meta property=\"og:image:width\" content=\"1200\" \/>\n\t<meta property=\"og:image:height\" content=\"1200\" \/>\n\t<meta property=\"og:image:type\" content=\"image\/jpeg\" \/>\n<meta name=\"twitter:card\" content=\"summary_large_image\" \/>\n<script type=\"application\/ld+json\" class=\"yoast-schema-graph\">{\"@context\":\"https:\/\/schema.org\",\"@graph\":[{\"@type\":\"WebPage\",\"@id\":\"https:\/\/moremilk2day.com\/produkt\/litter-research\/\",\"url\":\"https:\/\/moremilk2day.com\/produkt\/litter-research\/\",\"name\":\"Einstreu Untersuchung - More Milk 2 Day\",\"isPartOf\":{\"@id\":\"https:\/\/moremilk2day.com\/#website\"},\"primaryImageOfPage\":{\"@id\":\"https:\/\/moremilk2day.com\/produkt\/litter-research\/#primaryimage\"},\"image\":{\"@id\":\"https:\/\/moremilk2day.com\/produkt\/litter-research\/#primaryimage\"},\"thumbnailUrl\":\"https:\/\/moremilk2day.com\/wp-content\/uploads\/2020\/10\/Strooiselonderzoek_2x.jpg\",\"datePublished\":\"2020-10-07T08:38:37+00:00\",\"dateModified\":\"2021-08-03T12:50:10+00:00\",\"breadcrumb\":{\"@id\":\"https:\/\/moremilk2day.com\/produkt\/litter-research\/#breadcrumb\"},\"inLanguage\":\"de\",\"potentialAction\":[{\"@type\":\"ReadAction\",\"target\":[\"https:\/\/moremilk2day.com\/produkt\/litter-research\/\"]}]},{\"@type\":\"ImageObject\",\"inLanguage\":\"de\",\"@id\":\"https:\/\/moremilk2day.com\/produkt\/litter-research\/#primaryimage\",\"url\":\"https:\/\/moremilk2day.com\/wp-content\/uploads\/2020\/10\/Strooiselonderzoek_2x.jpg\",\"contentUrl\":\"https:\/\/moremilk2day.com\/wp-content\/uploads\/2020\/10\/Strooiselonderzoek_2x.jpg\",\"width\":1200,\"height\":1200,\"caption\":\"Strooiselonderzoek\"},{\"@type\":\"BreadcrumbList\",\"@id\":\"https:\/\/moremilk2day.com\/produkt\/litter-research\/#breadcrumb\",\"itemListElement\":[{\"@type\":\"ListItem\",\"position\":1,\"name\":\"Home\",\"item\":\"https:\/\/moremilk2day.com\/de\/\"},{\"@type\":\"ListItem\",\"position\":2,\"name\":\"Produkte\",\"item\":\"https:\/\/moremilk2day.com\/de\/produkte\/\"},{\"@type\":\"ListItem\",\"position\":3,\"name\":\"Einstreu Untersuchung\"}]},{\"@type\":\"WebSite\",\"@id\":\"https:\/\/moremilk2day.com\/#website\",\"url\":\"https:\/\/moremilk2day.com\/\",\"name\":\"More Milk 2 Day\",\"description\":\"Wij ondersteunen melkveehouders bij het houden van gezonde koeien die (h)eerlijke melk produceren\",\"publisher\":{\"@id\":\"https:\/\/moremilk2day.com\/#organization\"},\"potentialAction\":[{\"@type\":\"SearchAction\",\"target\":{\"@type\":\"EntryPoint\",\"urlTemplate\":\"https:\/\/moremilk2day.com\/?s={search_term_string}\"},\"query-input\":{\"@type\":\"PropertyValueSpecification\",\"valueRequired\":true,\"valueName\":\"search_term_string\"}}],\"inLanguage\":\"de\"},{\"@type\":\"Organization\",\"@id\":\"https:\/\/moremilk2day.com\/#organization\",\"name\":\"MoreMilk2Day B.V.\",\"url\":\"https:\/\/moremilk2day.com\/\",\"logo\":{\"@type\":\"ImageObject\",\"inLanguage\":\"de\",\"@id\":\"https:\/\/moremilk2day.com\/#\/schema\/logo\/image\/\",\"url\":\"https:\/\/moremilk2day.com\/wp-content\/uploads\/2020\/10\/Logo_MoreMilk2Day.png\",\"contentUrl\":\"https:\/\/moremilk2day.com\/wp-content\/uploads\/2020\/10\/Logo_MoreMilk2Day.png\",\"width\":2520,\"height\":660,\"caption\":\"MoreMilk2Day B.V.\"},\"image\":{\"@id\":\"https:\/\/moremilk2day.com\/#\/schema\/logo\/image\/\"}}]}<\/script>\n<!-- \/ Yoast SEO plugin. -->","yoast_head_json":{"title":"Einstreu Untersuchung - More Milk 2 Day","robots":{"index":"index","follow":"follow","max-snippet":"max-snippet:-1","max-image-preview":"max-image-preview:large","max-video-preview":"max-video-preview:-1"},"canonical":"https:\/\/moremilk2day.com\/produkt\/litter-research\/","og_locale":"de_DE","og_type":"article","og_title":"Einstreu Untersuchung - More Milk 2 Day","og_description":"Der PCR-Wurf-Test testet Ihren Wurf auf das Vorhandensein von DNA von allen 15 g\u00e4ngigen Mastitis-Erregern.  Wie funktioniert das? Sie beantragen eine einmalige, viertelj\u00e4hrliche oder j\u00e4hrliche Einstreu- Untersuchung und erhalten die notwendigen Materialien von MoreMilk2Day.  In der Verpackung erhalten Sie eine klare Anleitung, mehrere vorbereitete Verpackungen (je nach gew\u00e4hltem Produkt).  Auf der Grundlage der Anweisung nehmen Sie eine Probe und senden diese per Post an das Labor von MoreMilk2Day.","og_url":"https:\/\/moremilk2day.com\/produkt\/litter-research\/","og_site_name":"More Milk 2 Day","article_modified_time":"2021-08-03T12:50:10+00:00","og_image":[{"width":1200,"height":1200,"url":"https:\/\/moremilk2day.com\/wp-content\/uploads\/2020\/10\/Strooiselonderzoek_2x.jpg","type":"image\/jpeg"}],"twitter_card":"summary_large_image","schema":{"@context":"https:\/\/schema.org","@graph":[{"@type":"WebPage","@id":"https:\/\/moremilk2day.com\/produkt\/litter-research\/","url":"https:\/\/moremilk2day.com\/produkt\/litter-research\/","name":"Einstreu Untersuchung - More Milk 2 Day","isPartOf":{"@id":"https:\/\/moremilk2day.com\/#website"},"primaryImageOfPage":{"@id":"https:\/\/moremilk2day.com\/produkt\/litter-research\/#primaryimage"},"image":{"@id":"https:\/\/moremilk2day.com\/produkt\/litter-research\/#primaryimage"},"thumbnailUrl":"https:\/\/moremilk2day.com\/wp-content\/uploads\/2020\/10\/Strooiselonderzoek_2x.jpg","datePublished":"2020-10-07T08:38:37+00:00","dateModified":"2021-08-03T12:50:10+00:00","breadcrumb":{"@id":"https:\/\/moremilk2day.com\/produkt\/litter-research\/#breadcrumb"},"inLanguage":"de","potentialAction":[{"@type":"ReadAction","target":["https:\/\/moremilk2day.com\/produkt\/litter-research\/"]}]},{"@type":"ImageObject","inLanguage":"de","@id":"https:\/\/moremilk2day.com\/produkt\/litter-research\/#primaryimage","url":"https:\/\/moremilk2day.com\/wp-content\/uploads\/2020\/10\/Strooiselonderzoek_2x.jpg","contentUrl":"https:\/\/moremilk2day.com\/wp-content\/uploads\/2020\/10\/Strooiselonderzoek_2x.jpg","width":1200,"height":1200,"caption":"Strooiselonderzoek"},{"@type":"BreadcrumbList","@id":"https:\/\/moremilk2day.com\/produkt\/litter-research\/#breadcrumb","itemListElement":[{"@type":"ListItem","position":1,"name":"Home","item":"https:\/\/moremilk2day.com\/de\/"},{"@type":"ListItem","position":2,"name":"Produkte","item":"https:\/\/moremilk2day.com\/de\/produkte\/"},{"@type":"ListItem","position":3,"name":"Einstreu Untersuchung"}]},{"@type":"WebSite","@id":"https:\/\/moremilk2day.com\/#website","url":"https:\/\/moremilk2day.com\/","name":"More Milk 2 Day","description":"Wij ondersteunen melkveehouders bij het houden van gezonde koeien die (h)eerlijke melk produceren","publisher":{"@id":"https:\/\/moremilk2day.com\/#organization"},"potentialAction":[{"@type":"SearchAction","target":{"@type":"EntryPoint","urlTemplate":"https:\/\/moremilk2day.com\/?s={search_term_string}"},"query-input":{"@type":"PropertyValueSpecification","valueRequired":true,"valueName":"search_term_string"}}],"inLanguage":"de"},{"@type":"Organization","@id":"https:\/\/moremilk2day.com\/#organization","name":"MoreMilk2Day B.V.","url":"https:\/\/moremilk2day.com\/","logo":{"@type":"ImageObject","inLanguage":"de","@id":"https:\/\/moremilk2day.com\/#\/schema\/logo\/image\/","url":"https:\/\/moremilk2day.com\/wp-content\/uploads\/2020\/10\/Logo_MoreMilk2Day.png","contentUrl":"https:\/\/moremilk2day.com\/wp-content\/uploads\/2020\/10\/Logo_MoreMilk2Day.png","width":2520,"height":660,"caption":"MoreMilk2Day B.V."},"image":{"@id":"https:\/\/moremilk2day.com\/#\/schema\/logo\/image\/"}}]}},"_links":{"self":[{"href":"https:\/\/moremilk2day.com\/de\/wp-json\/wp\/v2\/product\/2958","targetHints":{"allow":["GET"]}}],"collection":[{"href":"https:\/\/moremilk2day.com\/de\/wp-json\/wp\/v2\/product"}],"about":[{"href":"https:\/\/moremilk2day.com\/de\/wp-json\/wp\/v2\/types\/product"}],"replies":[{"embeddable":true,"href":"https:\/\/moremilk2day.com\/de\/wp-json\/wp\/v2\/comments?post=2958"}],"wp:featuredmedia":[{"embeddable":true,"href":"https:\/\/moremilk2day.com\/de\/wp-json\/wp\/v2\/media\/2525"}],"wp:attachment":[{"href":"https:\/\/moremilk2day.com\/de\/wp-json\/wp\/v2\/media?parent=2958"}],"wp:term":[{"taxonomy":"product_brand","embeddable":true,"href":"https:\/\/moremilk2day.com\/de\/wp-json\/wp\/v2\/product_brand?post=2958"},{"taxonomy":"product_cat","embeddable":true,"href":"https:\/\/moremilk2day.com\/de\/wp-json\/wp\/v2\/product_cat?post=2958"},{"taxonomy":"product_tag","embeddable":true,"href":"https:\/\/moremilk2day.com\/de\/wp-json\/wp\/v2\/product_tag?post=2958"}],"curies":[{"name":"wp","href":"https:\/\/api.w.org\/{rel}","templated":true}]}}