{"id":2965,"date":"2020-10-07T09:53:04","date_gmt":"2020-10-07T09:53:04","guid":{"rendered":"https:\/\/moremilk2day.com\/product\/ankauf-screening-kuh\/"},"modified":"2021-08-03T14:28:37","modified_gmt":"2021-08-03T13:28:37","slug":"individuelles-ankauf-screening-kuh","status":"publish","type":"product","link":"https:\/\/moremilk2day.com\/de\/produkt\/individuelles-ankauf-screening-kuh\/","title":{"rendered":"Individuelles -\/Ankauf-Screening Kuh (PCR)"},"content":{"rendered":"","protected":false},"excerpt":{"rendered":"<p>Ein PCR Ankauf-Screening ist eine ideale M\u00f6glichkeit, K\u00fche, die Sie kaufen m\u00f6chten, zu testen:<\/p>\n<ul>\n<li>Staphylokokkus Aureus<\/li>\n<li>Streptokokkus Agalactica<\/li>\n<li>Mycoplasma spp<\/li>\n<li>Mycoplasma Bovis<\/li>\n<\/ul>\n<p>Ankauf-Screening verhindert, dass Sie Tiere kaufen, die Krankheiten auf Ihren Betrieb \u00fcbertragen. Eine kleine Investition, die die Kosten, die eine Krankheit mit sich bringt, nicht aufwiegt! Vor dem Ankauf-Screening muss die Milch jeder zu kaufenden Kuh einzeln beprobt werden. MoreMilk2Day verf\u00fcgt \u00fcber ein breites Netzwerk von Partnern, die Ihnen dabei helfen k\u00f6nnen, die K\u00fche vor Ort zu beproben.<\/p>\n<p><strong>Preis:<\/strong><br \/>\n1-10 Ankauf Screening:<br \/>\n49,95 \u20ac p.s.<\/p>\n<p>11-50 Ankauf Screening:<br \/>\n44,95 \u20ac p.s.<\/p>\n<p>50 oder mehr Ankauf Screening:<br \/>\n\u20ac 42,50 p.s.<\/p>\n","protected":false},"featured_media":2815,"comment_status":"closed","ping_status":"closed","template":"","meta":{"inline_featured_image":false,"_kad_post_transparent":"","_kad_post_title":"","_kad_post_layout":"","_kad_post_sidebar_id":"","_kad_post_content_style":"","_kad_post_vertical_padding":"","_kad_post_feature":"","_kad_post_feature_position":"","_kad_post_header":false,"_kad_post_footer":false},"product_brand":[],"product_cat":[55],"product_tag":[],"class_list":{"0":"post-2965","1":"product","2":"type-product","3":"status-publish","4":"has-post-thumbnail","6":"product_cat-forschung","8":"first","9":"instock","10":"taxable","11":"shipping-taxable","12":"purchasable","13":"product-type-simple","14":"entry","15":"content-bg","16":"loop-entry"},"yoast_head":"<!-- This site is optimized with the Yoast SEO plugin v25.2 - https:\/\/yoast.com\/wordpress\/plugins\/seo\/ -->\n<title>Individuelles -\/Ankauf-Screening Kuh (PCR) - More Milk 2 Day<\/title>\n<meta name=\"robots\" content=\"index, follow, max-snippet:-1, max-image-preview:large, max-video-preview:-1\" \/>\n<link rel=\"canonical\" href=\"https:\/\/moremilk2day.com\/de\/produkt\/individuelles-ankauf-screening-kuh\/\" \/>\n<meta property=\"og:locale\" content=\"de_DE\" \/>\n<meta property=\"og:type\" content=\"article\" \/>\n<meta property=\"og:title\" content=\"Individuelles -\/Ankauf-Screening Kuh (PCR) - More Milk 2 Day\" \/>\n<meta property=\"og:description\" content=\"Ein PCR Ankauf-Screening ist eine ideale M\u00f6glichkeit, K\u00fche, die Sie kaufen m\u00f6chten, zu testen:   Staphylokokkus Aureus  Streptokokkus Agalactica  Mycoplasma spp  Mycoplasma Bovis  Ankauf-Screening verhindert, dass Sie Tiere kaufen, die Krankheiten auf Ihren Betrieb \u00fcbertragen. Eine kleine Investition, die die Kosten, die eine Krankheit mit sich bringt, nicht aufwiegt! Vor dem Ankauf-Screening muss die Milch jeder zu kaufenden Kuh einzeln beprobt werden. MoreMilk2Day verf\u00fcgt \u00fcber ein breites Netzwerk von Partnern, die Ihnen dabei helfen k\u00f6nnen, die K\u00fche vor Ort zu beproben.  Preis: 1-10 Ankauf Screening: 49,95 \u20ac p.s.  11-50 Ankauf Screening: 44,95 \u20ac p.s.  50 oder mehr Ankauf Screening: \u20ac 42,50 p.s.\" \/>\n<meta property=\"og:url\" content=\"https:\/\/moremilk2day.com\/de\/produkt\/individuelles-ankauf-screening-kuh\/\" \/>\n<meta property=\"og:site_name\" content=\"More Milk 2 Day\" \/>\n<meta property=\"article:modified_time\" content=\"2021-08-03T13:28:37+00:00\" \/>\n<meta property=\"og:image\" content=\"https:\/\/moremilk2day.com\/wp-content\/uploads\/2020\/10\/Cow_Screening.jpg\" \/>\n\t<meta property=\"og:image:width\" content=\"1200\" \/>\n\t<meta property=\"og:image:height\" content=\"1200\" \/>\n\t<meta property=\"og:image:type\" content=\"image\/jpeg\" \/>\n<meta name=\"twitter:card\" content=\"summary_large_image\" \/>\n<script type=\"application\/ld+json\" class=\"yoast-schema-graph\">{\"@context\":\"https:\/\/schema.org\",\"@graph\":[{\"@type\":\"WebPage\",\"@id\":\"https:\/\/moremilk2day.com\/de\/produkt\/individuelles-ankauf-screening-kuh\/\",\"url\":\"https:\/\/moremilk2day.com\/de\/produkt\/individuelles-ankauf-screening-kuh\/\",\"name\":\"Individuelles -\/Ankauf-Screening Kuh (PCR) - More Milk 2 Day\",\"isPartOf\":{\"@id\":\"https:\/\/moremilk2day.com\/#website\"},\"primaryImageOfPage\":{\"@id\":\"https:\/\/moremilk2day.com\/de\/produkt\/individuelles-ankauf-screening-kuh\/#primaryimage\"},\"image\":{\"@id\":\"https:\/\/moremilk2day.com\/de\/produkt\/individuelles-ankauf-screening-kuh\/#primaryimage\"},\"thumbnailUrl\":\"https:\/\/moremilk2day.com\/wp-content\/uploads\/2020\/10\/Cow_Screening.jpg\",\"datePublished\":\"2020-10-07T09:53:04+00:00\",\"dateModified\":\"2021-08-03T13:28:37+00:00\",\"breadcrumb\":{\"@id\":\"https:\/\/moremilk2day.com\/de\/produkt\/individuelles-ankauf-screening-kuh\/#breadcrumb\"},\"inLanguage\":\"de\",\"potentialAction\":[{\"@type\":\"ReadAction\",\"target\":[\"https:\/\/moremilk2day.com\/de\/produkt\/individuelles-ankauf-screening-kuh\/\"]}]},{\"@type\":\"ImageObject\",\"inLanguage\":\"de\",\"@id\":\"https:\/\/moremilk2day.com\/de\/produkt\/individuelles-ankauf-screening-kuh\/#primaryimage\",\"url\":\"https:\/\/moremilk2day.com\/wp-content\/uploads\/2020\/10\/Cow_Screening.jpg\",\"contentUrl\":\"https:\/\/moremilk2day.com\/wp-content\/uploads\/2020\/10\/Cow_Screening.jpg\",\"width\":1200,\"height\":1200,\"caption\":\"Purchase screening cow\"},{\"@type\":\"BreadcrumbList\",\"@id\":\"https:\/\/moremilk2day.com\/de\/produkt\/individuelles-ankauf-screening-kuh\/#breadcrumb\",\"itemListElement\":[{\"@type\":\"ListItem\",\"position\":1,\"name\":\"Home\",\"item\":\"https:\/\/moremilk2day.com\/de\/\"},{\"@type\":\"ListItem\",\"position\":2,\"name\":\"Produkte\",\"item\":\"https:\/\/moremilk2day.com\/de\/produkte\/\"},{\"@type\":\"ListItem\",\"position\":3,\"name\":\"Individuelles -\/Ankauf-Screening Kuh (PCR)\"}]},{\"@type\":\"WebSite\",\"@id\":\"https:\/\/moremilk2day.com\/#website\",\"url\":\"https:\/\/moremilk2day.com\/\",\"name\":\"More Milk 2 Day\",\"description\":\"Wij ondersteunen melkveehouders bij het houden van gezonde koeien die (h)eerlijke melk produceren\",\"publisher\":{\"@id\":\"https:\/\/moremilk2day.com\/#organization\"},\"potentialAction\":[{\"@type\":\"SearchAction\",\"target\":{\"@type\":\"EntryPoint\",\"urlTemplate\":\"https:\/\/moremilk2day.com\/?s={search_term_string}\"},\"query-input\":{\"@type\":\"PropertyValueSpecification\",\"valueRequired\":true,\"valueName\":\"search_term_string\"}}],\"inLanguage\":\"de\"},{\"@type\":\"Organization\",\"@id\":\"https:\/\/moremilk2day.com\/#organization\",\"name\":\"MoreMilk2Day B.V.\",\"url\":\"https:\/\/moremilk2day.com\/\",\"logo\":{\"@type\":\"ImageObject\",\"inLanguage\":\"de\",\"@id\":\"https:\/\/moremilk2day.com\/#\/schema\/logo\/image\/\",\"url\":\"https:\/\/moremilk2day.com\/wp-content\/uploads\/2020\/10\/Logo_MoreMilk2Day.png\",\"contentUrl\":\"https:\/\/moremilk2day.com\/wp-content\/uploads\/2020\/10\/Logo_MoreMilk2Day.png\",\"width\":2520,\"height\":660,\"caption\":\"MoreMilk2Day B.V.\"},\"image\":{\"@id\":\"https:\/\/moremilk2day.com\/#\/schema\/logo\/image\/\"}}]}<\/script>\n<!-- \/ Yoast SEO plugin. -->","yoast_head_json":{"title":"Individuelles -\/Ankauf-Screening Kuh (PCR) - More Milk 2 Day","robots":{"index":"index","follow":"follow","max-snippet":"max-snippet:-1","max-image-preview":"max-image-preview:large","max-video-preview":"max-video-preview:-1"},"canonical":"https:\/\/moremilk2day.com\/de\/produkt\/individuelles-ankauf-screening-kuh\/","og_locale":"de_DE","og_type":"article","og_title":"Individuelles -\/Ankauf-Screening Kuh (PCR) - More Milk 2 Day","og_description":"Ein PCR Ankauf-Screening ist eine ideale M\u00f6glichkeit, K\u00fche, die Sie kaufen m\u00f6chten, zu testen:   Staphylokokkus Aureus  Streptokokkus Agalactica  Mycoplasma spp  Mycoplasma Bovis  Ankauf-Screening verhindert, dass Sie Tiere kaufen, die Krankheiten auf Ihren Betrieb \u00fcbertragen. Eine kleine Investition, die die Kosten, die eine Krankheit mit sich bringt, nicht aufwiegt! Vor dem Ankauf-Screening muss die Milch jeder zu kaufenden Kuh einzeln beprobt werden. MoreMilk2Day verf\u00fcgt \u00fcber ein breites Netzwerk von Partnern, die Ihnen dabei helfen k\u00f6nnen, die K\u00fche vor Ort zu beproben.  Preis: 1-10 Ankauf Screening: 49,95 \u20ac p.s.  11-50 Ankauf Screening: 44,95 \u20ac p.s.  50 oder mehr Ankauf Screening: \u20ac 42,50 p.s.","og_url":"https:\/\/moremilk2day.com\/de\/produkt\/individuelles-ankauf-screening-kuh\/","og_site_name":"More Milk 2 Day","article_modified_time":"2021-08-03T13:28:37+00:00","og_image":[{"width":1200,"height":1200,"url":"https:\/\/moremilk2day.com\/wp-content\/uploads\/2020\/10\/Cow_Screening.jpg","type":"image\/jpeg"}],"twitter_card":"summary_large_image","schema":{"@context":"https:\/\/schema.org","@graph":[{"@type":"WebPage","@id":"https:\/\/moremilk2day.com\/de\/produkt\/individuelles-ankauf-screening-kuh\/","url":"https:\/\/moremilk2day.com\/de\/produkt\/individuelles-ankauf-screening-kuh\/","name":"Individuelles -\/Ankauf-Screening Kuh (PCR) - More Milk 2 Day","isPartOf":{"@id":"https:\/\/moremilk2day.com\/#website"},"primaryImageOfPage":{"@id":"https:\/\/moremilk2day.com\/de\/produkt\/individuelles-ankauf-screening-kuh\/#primaryimage"},"image":{"@id":"https:\/\/moremilk2day.com\/de\/produkt\/individuelles-ankauf-screening-kuh\/#primaryimage"},"thumbnailUrl":"https:\/\/moremilk2day.com\/wp-content\/uploads\/2020\/10\/Cow_Screening.jpg","datePublished":"2020-10-07T09:53:04+00:00","dateModified":"2021-08-03T13:28:37+00:00","breadcrumb":{"@id":"https:\/\/moremilk2day.com\/de\/produkt\/individuelles-ankauf-screening-kuh\/#breadcrumb"},"inLanguage":"de","potentialAction":[{"@type":"ReadAction","target":["https:\/\/moremilk2day.com\/de\/produkt\/individuelles-ankauf-screening-kuh\/"]}]},{"@type":"ImageObject","inLanguage":"de","@id":"https:\/\/moremilk2day.com\/de\/produkt\/individuelles-ankauf-screening-kuh\/#primaryimage","url":"https:\/\/moremilk2day.com\/wp-content\/uploads\/2020\/10\/Cow_Screening.jpg","contentUrl":"https:\/\/moremilk2day.com\/wp-content\/uploads\/2020\/10\/Cow_Screening.jpg","width":1200,"height":1200,"caption":"Purchase screening cow"},{"@type":"BreadcrumbList","@id":"https:\/\/moremilk2day.com\/de\/produkt\/individuelles-ankauf-screening-kuh\/#breadcrumb","itemListElement":[{"@type":"ListItem","position":1,"name":"Home","item":"https:\/\/moremilk2day.com\/de\/"},{"@type":"ListItem","position":2,"name":"Produkte","item":"https:\/\/moremilk2day.com\/de\/produkte\/"},{"@type":"ListItem","position":3,"name":"Individuelles -\/Ankauf-Screening Kuh (PCR)"}]},{"@type":"WebSite","@id":"https:\/\/moremilk2day.com\/#website","url":"https:\/\/moremilk2day.com\/","name":"More Milk 2 Day","description":"Wij ondersteunen melkveehouders bij het houden van gezonde koeien die (h)eerlijke melk produceren","publisher":{"@id":"https:\/\/moremilk2day.com\/#organization"},"potentialAction":[{"@type":"SearchAction","target":{"@type":"EntryPoint","urlTemplate":"https:\/\/moremilk2day.com\/?s={search_term_string}"},"query-input":{"@type":"PropertyValueSpecification","valueRequired":true,"valueName":"search_term_string"}}],"inLanguage":"de"},{"@type":"Organization","@id":"https:\/\/moremilk2day.com\/#organization","name":"MoreMilk2Day B.V.","url":"https:\/\/moremilk2day.com\/","logo":{"@type":"ImageObject","inLanguage":"de","@id":"https:\/\/moremilk2day.com\/#\/schema\/logo\/image\/","url":"https:\/\/moremilk2day.com\/wp-content\/uploads\/2020\/10\/Logo_MoreMilk2Day.png","contentUrl":"https:\/\/moremilk2day.com\/wp-content\/uploads\/2020\/10\/Logo_MoreMilk2Day.png","width":2520,"height":660,"caption":"MoreMilk2Day B.V."},"image":{"@id":"https:\/\/moremilk2day.com\/#\/schema\/logo\/image\/"}}]}},"_links":{"self":[{"href":"https:\/\/moremilk2day.com\/de\/wp-json\/wp\/v2\/product\/2965","targetHints":{"allow":["GET"]}}],"collection":[{"href":"https:\/\/moremilk2day.com\/de\/wp-json\/wp\/v2\/product"}],"about":[{"href":"https:\/\/moremilk2day.com\/de\/wp-json\/wp\/v2\/types\/product"}],"replies":[{"embeddable":true,"href":"https:\/\/moremilk2day.com\/de\/wp-json\/wp\/v2\/comments?post=2965"}],"wp:featuredmedia":[{"embeddable":true,"href":"https:\/\/moremilk2day.com\/de\/wp-json\/wp\/v2\/media\/2815"}],"wp:attachment":[{"href":"https:\/\/moremilk2day.com\/de\/wp-json\/wp\/v2\/media?parent=2965"}],"wp:term":[{"taxonomy":"product_brand","embeddable":true,"href":"https:\/\/moremilk2day.com\/de\/wp-json\/wp\/v2\/product_brand?post=2965"},{"taxonomy":"product_cat","embeddable":true,"href":"https:\/\/moremilk2day.com\/de\/wp-json\/wp\/v2\/product_cat?post=2965"},{"taxonomy":"product_tag","embeddable":true,"href":"https:\/\/moremilk2day.com\/de\/wp-json\/wp\/v2\/product_tag?post=2965"}],"curies":[{"name":"wp","href":"https:\/\/api.w.org\/{rel}","templated":true}]}}