{"id":2966,"date":"2020-10-07T10:36:15","date_gmt":"2020-10-07T10:36:15","guid":{"rendered":"https:\/\/moremilk2day.com\/product\/individuelle-mastitis-untersuchung\/"},"modified":"2021-01-18T10:06:35","modified_gmt":"2021-01-18T09:06:35","slug":"individuelle-mastitis-untersuchung","status":"publish","type":"product","link":"https:\/\/moremilk2day.com\/de\/produkt\/individuelle-mastitis-untersuchung\/","title":{"rendered":"Individuelle Mastitis-Untersuchung"},"content":{"rendered":"","protected":false},"excerpt":{"rendered":"<p>Bei einer individuellen Mastitis Untersuchung wird die Milch eines einzelnen Viertels (oder aller 4 gemischt) bakteriologisch auf die 9 h\u00e4ufigsten Mastitis Erreger untersucht.<\/p>\n<p>Dadurch erhalten Sie Aufschluss dar\u00fcber, welcher Erreger die Ursache einer Mastitis (oder Mastitis-Verdacht) ist, so dass Sie gezielt behandelt werden k\u00f6nnen. Zu die individuelle Mastitisuntersuchung geh\u00f6rt auch einem Antibiogramm, um eine Antibiotika Resistenz auszuschlie\u00dfen.<\/p>\n<p><strong>Sie k\u00f6nnen die individuelle Mastitis-Untersuchung auf folgende Arten anordnen:<\/strong><\/p>\n<p>Ein individueller Mastitis-Test<br \/>\n\u20ac 24.95<\/p>\n<p>5 Individuelle Mastitis-Untersuchungen<br \/>\n\u20ac 112,50<\/p>\n<p>10 individuelle Mastitis-Untersuchungen<br \/>\n\u20ac 199,95<\/p>\n<p>Starterpaket mit 10 individuellen Mastitis-Untersuchungen und Werkzeugen (Schaumbecher, Reinigungsschaum und 10 Alkoholtupfer)<br \/>\n\u20ac 209,95<\/p>\n","protected":false},"featured_media":2824,"comment_status":"open","ping_status":"closed","template":"","meta":{"inline_featured_image":false,"_kad_post_transparent":"default","_kad_post_title":"","_kad_post_layout":"default","_kad_post_sidebar_id":"","_kad_post_content_style":"default","_kad_post_vertical_padding":"default","_kad_post_feature":"","_kad_post_feature_position":"","_kad_post_header":false,"_kad_post_footer":false},"product_brand":[],"product_cat":[55],"product_tag":[],"class_list":{"0":"post-2966","1":"product","2":"type-product","3":"status-publish","4":"has-post-thumbnail","6":"product_cat-forschung","8":"first","9":"instock","10":"taxable","11":"shipping-taxable","12":"product-type-variable","13":"has-default-attributes","14":"entry","15":"content-bg","16":"loop-entry"},"yoast_head":"<!-- This site is optimized with the Yoast SEO plugin v25.2 - https:\/\/yoast.com\/wordpress\/plugins\/seo\/ -->\n<title>Individuelle Mastitis-Untersuchung - More Milk 2 Day<\/title>\n<meta name=\"robots\" content=\"index, follow, max-snippet:-1, max-image-preview:large, max-video-preview:-1\" \/>\n<link rel=\"canonical\" href=\"https:\/\/moremilk2day.com\/produkt\/individual-mastitis-research\/\" \/>\n<meta property=\"og:locale\" content=\"de_DE\" \/>\n<meta property=\"og:type\" content=\"article\" \/>\n<meta property=\"og:title\" content=\"Individuelle Mastitis-Untersuchung - More Milk 2 Day\" \/>\n<meta property=\"og:description\" content=\"Bei einer individuellen Mastitis Untersuchung wird die Milch eines einzelnen Viertels (oder aller 4 gemischt) bakteriologisch auf die 9 h\u00e4ufigsten Mastitis Erreger untersucht.  Dadurch erhalten Sie Aufschluss dar\u00fcber, welcher Erreger die Ursache einer Mastitis (oder Mastitis-Verdacht) ist, so dass Sie gezielt behandelt werden k\u00f6nnen. Zu die individuelle Mastitisuntersuchung geh\u00f6rt auch einem Antibiogramm, um eine Antibiotika Resistenz auszuschlie\u00dfen.  Sie k\u00f6nnen die individuelle Mastitis-Untersuchung auf folgende Arten anordnen:  Ein individueller Mastitis-Test \u20ac 24.95  5 Individuelle Mastitis-Untersuchungen \u20ac 112,50  10 individuelle Mastitis-Untersuchungen \u20ac 199,95  Starterpaket mit 10 individuellen Mastitis-Untersuchungen und Werkzeugen (Schaumbecher, Reinigungsschaum und 10 Alkoholtupfer) \u20ac 209,95\" \/>\n<meta property=\"og:url\" content=\"https:\/\/moremilk2day.com\/produkt\/individual-mastitis-research\/\" \/>\n<meta property=\"og:site_name\" content=\"More Milk 2 Day\" \/>\n<meta property=\"article:modified_time\" content=\"2021-01-18T09:06:35+00:00\" \/>\n<meta property=\"og:image\" content=\"https:\/\/moremilk2day.com\/wp-content\/uploads\/2020\/10\/Individual-mastitis-research.jpg\" \/>\n\t<meta property=\"og:image:width\" content=\"1200\" \/>\n\t<meta property=\"og:image:height\" content=\"1200\" \/>\n\t<meta property=\"og:image:type\" content=\"image\/jpeg\" \/>\n<meta name=\"twitter:card\" content=\"summary_large_image\" \/>\n<script type=\"application\/ld+json\" class=\"yoast-schema-graph\">{\"@context\":\"https:\/\/schema.org\",\"@graph\":[{\"@type\":\"WebPage\",\"@id\":\"https:\/\/moremilk2day.com\/produkt\/individual-mastitis-research\/\",\"url\":\"https:\/\/moremilk2day.com\/produkt\/individual-mastitis-research\/\",\"name\":\"Individuelle Mastitis-Untersuchung - More Milk 2 Day\",\"isPartOf\":{\"@id\":\"https:\/\/moremilk2day.com\/#website\"},\"primaryImageOfPage\":{\"@id\":\"https:\/\/moremilk2day.com\/produkt\/individual-mastitis-research\/#primaryimage\"},\"image\":{\"@id\":\"https:\/\/moremilk2day.com\/produkt\/individual-mastitis-research\/#primaryimage\"},\"thumbnailUrl\":\"https:\/\/moremilk2day.com\/wp-content\/uploads\/2020\/10\/Individual-mastitis-research.jpg\",\"datePublished\":\"2020-10-07T10:36:15+00:00\",\"dateModified\":\"2021-01-18T09:06:35+00:00\",\"breadcrumb\":{\"@id\":\"https:\/\/moremilk2day.com\/produkt\/individual-mastitis-research\/#breadcrumb\"},\"inLanguage\":\"de\",\"potentialAction\":[{\"@type\":\"ReadAction\",\"target\":[\"https:\/\/moremilk2day.com\/produkt\/individual-mastitis-research\/\"]}]},{\"@type\":\"ImageObject\",\"inLanguage\":\"de\",\"@id\":\"https:\/\/moremilk2day.com\/produkt\/individual-mastitis-research\/#primaryimage\",\"url\":\"https:\/\/moremilk2day.com\/wp-content\/uploads\/2020\/10\/Individual-mastitis-research.jpg\",\"contentUrl\":\"https:\/\/moremilk2day.com\/wp-content\/uploads\/2020\/10\/Individual-mastitis-research.jpg\",\"width\":1200,\"height\":1200},{\"@type\":\"BreadcrumbList\",\"@id\":\"https:\/\/moremilk2day.com\/produkt\/individual-mastitis-research\/#breadcrumb\",\"itemListElement\":[{\"@type\":\"ListItem\",\"position\":1,\"name\":\"Home\",\"item\":\"https:\/\/moremilk2day.com\/de\/\"},{\"@type\":\"ListItem\",\"position\":2,\"name\":\"Produkte\",\"item\":\"https:\/\/moremilk2day.com\/de\/produkte\/\"},{\"@type\":\"ListItem\",\"position\":3,\"name\":\"Individuelle Mastitis-Untersuchung\"}]},{\"@type\":\"WebSite\",\"@id\":\"https:\/\/moremilk2day.com\/#website\",\"url\":\"https:\/\/moremilk2day.com\/\",\"name\":\"More Milk 2 Day\",\"description\":\"Wij ondersteunen melkveehouders bij het houden van gezonde koeien die (h)eerlijke melk produceren\",\"publisher\":{\"@id\":\"https:\/\/moremilk2day.com\/#organization\"},\"potentialAction\":[{\"@type\":\"SearchAction\",\"target\":{\"@type\":\"EntryPoint\",\"urlTemplate\":\"https:\/\/moremilk2day.com\/?s={search_term_string}\"},\"query-input\":{\"@type\":\"PropertyValueSpecification\",\"valueRequired\":true,\"valueName\":\"search_term_string\"}}],\"inLanguage\":\"de\"},{\"@type\":\"Organization\",\"@id\":\"https:\/\/moremilk2day.com\/#organization\",\"name\":\"MoreMilk2Day B.V.\",\"url\":\"https:\/\/moremilk2day.com\/\",\"logo\":{\"@type\":\"ImageObject\",\"inLanguage\":\"de\",\"@id\":\"https:\/\/moremilk2day.com\/#\/schema\/logo\/image\/\",\"url\":\"https:\/\/moremilk2day.com\/wp-content\/uploads\/2020\/10\/Logo_MoreMilk2Day.png\",\"contentUrl\":\"https:\/\/moremilk2day.com\/wp-content\/uploads\/2020\/10\/Logo_MoreMilk2Day.png\",\"width\":2520,\"height\":660,\"caption\":\"MoreMilk2Day B.V.\"},\"image\":{\"@id\":\"https:\/\/moremilk2day.com\/#\/schema\/logo\/image\/\"}}]}<\/script>\n<!-- \/ Yoast SEO plugin. -->","yoast_head_json":{"title":"Individuelle Mastitis-Untersuchung - More Milk 2 Day","robots":{"index":"index","follow":"follow","max-snippet":"max-snippet:-1","max-image-preview":"max-image-preview:large","max-video-preview":"max-video-preview:-1"},"canonical":"https:\/\/moremilk2day.com\/produkt\/individual-mastitis-research\/","og_locale":"de_DE","og_type":"article","og_title":"Individuelle Mastitis-Untersuchung - More Milk 2 Day","og_description":"Bei einer individuellen Mastitis Untersuchung wird die Milch eines einzelnen Viertels (oder aller 4 gemischt) bakteriologisch auf die 9 h\u00e4ufigsten Mastitis Erreger untersucht.  Dadurch erhalten Sie Aufschluss dar\u00fcber, welcher Erreger die Ursache einer Mastitis (oder Mastitis-Verdacht) ist, so dass Sie gezielt behandelt werden k\u00f6nnen. Zu die individuelle Mastitisuntersuchung geh\u00f6rt auch einem Antibiogramm, um eine Antibiotika Resistenz auszuschlie\u00dfen.  Sie k\u00f6nnen die individuelle Mastitis-Untersuchung auf folgende Arten anordnen:  Ein individueller Mastitis-Test \u20ac 24.95  5 Individuelle Mastitis-Untersuchungen \u20ac 112,50  10 individuelle Mastitis-Untersuchungen \u20ac 199,95  Starterpaket mit 10 individuellen Mastitis-Untersuchungen und Werkzeugen (Schaumbecher, Reinigungsschaum und 10 Alkoholtupfer) \u20ac 209,95","og_url":"https:\/\/moremilk2day.com\/produkt\/individual-mastitis-research\/","og_site_name":"More Milk 2 Day","article_modified_time":"2021-01-18T09:06:35+00:00","og_image":[{"width":1200,"height":1200,"url":"https:\/\/moremilk2day.com\/wp-content\/uploads\/2020\/10\/Individual-mastitis-research.jpg","type":"image\/jpeg"}],"twitter_card":"summary_large_image","schema":{"@context":"https:\/\/schema.org","@graph":[{"@type":"WebPage","@id":"https:\/\/moremilk2day.com\/produkt\/individual-mastitis-research\/","url":"https:\/\/moremilk2day.com\/produkt\/individual-mastitis-research\/","name":"Individuelle Mastitis-Untersuchung - More Milk 2 Day","isPartOf":{"@id":"https:\/\/moremilk2day.com\/#website"},"primaryImageOfPage":{"@id":"https:\/\/moremilk2day.com\/produkt\/individual-mastitis-research\/#primaryimage"},"image":{"@id":"https:\/\/moremilk2day.com\/produkt\/individual-mastitis-research\/#primaryimage"},"thumbnailUrl":"https:\/\/moremilk2day.com\/wp-content\/uploads\/2020\/10\/Individual-mastitis-research.jpg","datePublished":"2020-10-07T10:36:15+00:00","dateModified":"2021-01-18T09:06:35+00:00","breadcrumb":{"@id":"https:\/\/moremilk2day.com\/produkt\/individual-mastitis-research\/#breadcrumb"},"inLanguage":"de","potentialAction":[{"@type":"ReadAction","target":["https:\/\/moremilk2day.com\/produkt\/individual-mastitis-research\/"]}]},{"@type":"ImageObject","inLanguage":"de","@id":"https:\/\/moremilk2day.com\/produkt\/individual-mastitis-research\/#primaryimage","url":"https:\/\/moremilk2day.com\/wp-content\/uploads\/2020\/10\/Individual-mastitis-research.jpg","contentUrl":"https:\/\/moremilk2day.com\/wp-content\/uploads\/2020\/10\/Individual-mastitis-research.jpg","width":1200,"height":1200},{"@type":"BreadcrumbList","@id":"https:\/\/moremilk2day.com\/produkt\/individual-mastitis-research\/#breadcrumb","itemListElement":[{"@type":"ListItem","position":1,"name":"Home","item":"https:\/\/moremilk2day.com\/de\/"},{"@type":"ListItem","position":2,"name":"Produkte","item":"https:\/\/moremilk2day.com\/de\/produkte\/"},{"@type":"ListItem","position":3,"name":"Individuelle Mastitis-Untersuchung"}]},{"@type":"WebSite","@id":"https:\/\/moremilk2day.com\/#website","url":"https:\/\/moremilk2day.com\/","name":"More Milk 2 Day","description":"Wij ondersteunen melkveehouders bij het houden van gezonde koeien die (h)eerlijke melk produceren","publisher":{"@id":"https:\/\/moremilk2day.com\/#organization"},"potentialAction":[{"@type":"SearchAction","target":{"@type":"EntryPoint","urlTemplate":"https:\/\/moremilk2day.com\/?s={search_term_string}"},"query-input":{"@type":"PropertyValueSpecification","valueRequired":true,"valueName":"search_term_string"}}],"inLanguage":"de"},{"@type":"Organization","@id":"https:\/\/moremilk2day.com\/#organization","name":"MoreMilk2Day B.V.","url":"https:\/\/moremilk2day.com\/","logo":{"@type":"ImageObject","inLanguage":"de","@id":"https:\/\/moremilk2day.com\/#\/schema\/logo\/image\/","url":"https:\/\/moremilk2day.com\/wp-content\/uploads\/2020\/10\/Logo_MoreMilk2Day.png","contentUrl":"https:\/\/moremilk2day.com\/wp-content\/uploads\/2020\/10\/Logo_MoreMilk2Day.png","width":2520,"height":660,"caption":"MoreMilk2Day B.V."},"image":{"@id":"https:\/\/moremilk2day.com\/#\/schema\/logo\/image\/"}}]}},"_links":{"self":[{"href":"https:\/\/moremilk2day.com\/de\/wp-json\/wp\/v2\/product\/2966","targetHints":{"allow":["GET"]}}],"collection":[{"href":"https:\/\/moremilk2day.com\/de\/wp-json\/wp\/v2\/product"}],"about":[{"href":"https:\/\/moremilk2day.com\/de\/wp-json\/wp\/v2\/types\/product"}],"replies":[{"embeddable":true,"href":"https:\/\/moremilk2day.com\/de\/wp-json\/wp\/v2\/comments?post=2966"}],"wp:featuredmedia":[{"embeddable":true,"href":"https:\/\/moremilk2day.com\/de\/wp-json\/wp\/v2\/media\/2824"}],"wp:attachment":[{"href":"https:\/\/moremilk2day.com\/de\/wp-json\/wp\/v2\/media?parent=2966"}],"wp:term":[{"taxonomy":"product_brand","embeddable":true,"href":"https:\/\/moremilk2day.com\/de\/wp-json\/wp\/v2\/product_brand?post=2966"},{"taxonomy":"product_cat","embeddable":true,"href":"https:\/\/moremilk2day.com\/de\/wp-json\/wp\/v2\/product_cat?post=2966"},{"taxonomy":"product_tag","embeddable":true,"href":"https:\/\/moremilk2day.com\/de\/wp-json\/wp\/v2\/product_tag?post=2966"}],"curies":[{"name":"wp","href":"https:\/\/api.w.org\/{rel}","templated":true}]}}