{"id":2975,"date":"2020-10-07T11:04:36","date_gmt":"2020-10-07T11:04:36","guid":{"rendered":"https:\/\/moremilk2day.com\/product\/unternehmensberatung-per-telefon\/"},"modified":"2020-10-20T07:19:52","modified_gmt":"2020-10-20T07:19:52","slug":"betriebsberatung-per-telefon","status":"publish","type":"product","link":"https:\/\/moremilk2day.com\/de\/produkt\/betriebsberatung-per-telefon\/","title":{"rendered":"Betriebsberatung per Telefon"},"content":{"rendered":"","protected":false},"excerpt":{"rendered":"<p>W\u00e4hrend einer telefonischen Betriebsberatung besprechen wir mit Ihnen die Ergebnisse Ihrer Proben und welche Ma\u00dfnahmen f\u00fcr Sie am besten geeignet sind. Dies hilft Ihnen, die Gesundheit Ihrer Herde auf effiziente Weise in den Griff zu bekommen, ohne viel Zeit und Geld investieren zu m\u00fcssen. Bei einem viertelj\u00e4hrlichen Abonnement f\u00fcr eine Tankmilch- oder Einstreu-Untersuchung ist eine telefonische Betriebsberatung inbegriffen.<\/p>\n","protected":false},"featured_media":2543,"comment_status":"open","ping_status":"closed","template":"","meta":{"inline_featured_image":false,"_kad_post_transparent":"","_kad_post_title":"","_kad_post_layout":"","_kad_post_sidebar_id":"","_kad_post_content_style":"","_kad_post_vertical_padding":"","_kad_post_feature":"","_kad_post_feature_position":"","_kad_post_header":false,"_kad_post_footer":false},"product_brand":[],"product_cat":[56],"product_tag":[],"class_list":{"0":"post-2975","1":"product","2":"type-product","3":"status-publish","4":"has-post-thumbnail","6":"product_cat-konsultation","8":"first","9":"instock","10":"virtual","11":"sold-individually","12":"taxable","13":"purchasable","14":"product-type-simple","15":"entry","16":"content-bg","17":"loop-entry"},"yoast_head":"<!-- This site is optimized with the Yoast SEO plugin v25.2 - https:\/\/yoast.com\/wordpress\/plugins\/seo\/ -->\n<title>Betriebsberatung per Telefon - More Milk 2 Day<\/title>\n<meta name=\"robots\" content=\"index, follow, max-snippet:-1, max-image-preview:large, max-video-preview:-1\" \/>\n<link rel=\"canonical\" href=\"https:\/\/moremilk2day.com\/produkt\/company-consultation-phone\/\" \/>\n<meta property=\"og:locale\" content=\"de_DE\" \/>\n<meta property=\"og:type\" content=\"article\" \/>\n<meta property=\"og:title\" content=\"Betriebsberatung per Telefon - More Milk 2 Day\" \/>\n<meta property=\"og:description\" content=\"W\u00e4hrend einer telefonischen Betriebsberatung besprechen wir mit Ihnen die Ergebnisse Ihrer Proben und welche Ma\u00dfnahmen f\u00fcr Sie am besten geeignet sind. Dies hilft Ihnen, die Gesundheit Ihrer Herde auf effiziente Weise in den Griff zu bekommen, ohne viel Zeit und Geld investieren zu m\u00fcssen. Bei einem viertelj\u00e4hrlichen Abonnement f\u00fcr eine Tankmilch- oder Einstreu-Untersuchung ist eine telefonische Betriebsberatung inbegriffen.\" \/>\n<meta property=\"og:url\" content=\"https:\/\/moremilk2day.com\/produkt\/company-consultation-phone\/\" \/>\n<meta property=\"og:site_name\" content=\"More Milk 2 Day\" \/>\n<meta property=\"article:modified_time\" content=\"2020-10-20T07:19:52+00:00\" \/>\n<meta property=\"og:image\" content=\"https:\/\/moremilk2day.com\/wp-content\/uploads\/2020\/10\/Farmer_phone.jpg\" \/>\n\t<meta property=\"og:image:width\" content=\"1200\" \/>\n\t<meta property=\"og:image:height\" content=\"1200\" \/>\n\t<meta property=\"og:image:type\" content=\"image\/jpeg\" \/>\n<meta name=\"twitter:card\" content=\"summary_large_image\" \/>\n<script type=\"application\/ld+json\" class=\"yoast-schema-graph\">{\"@context\":\"https:\/\/schema.org\",\"@graph\":[{\"@type\":\"WebPage\",\"@id\":\"https:\/\/moremilk2day.com\/produkt\/company-consultation-phone\/\",\"url\":\"https:\/\/moremilk2day.com\/produkt\/company-consultation-phone\/\",\"name\":\"Betriebsberatung per Telefon - More Milk 2 Day\",\"isPartOf\":{\"@id\":\"https:\/\/moremilk2day.com\/#website\"},\"primaryImageOfPage\":{\"@id\":\"https:\/\/moremilk2day.com\/produkt\/company-consultation-phone\/#primaryimage\"},\"image\":{\"@id\":\"https:\/\/moremilk2day.com\/produkt\/company-consultation-phone\/#primaryimage\"},\"thumbnailUrl\":\"https:\/\/moremilk2day.com\/wp-content\/uploads\/2020\/10\/Farmer_phone.jpg\",\"datePublished\":\"2020-10-07T11:04:36+00:00\",\"dateModified\":\"2020-10-20T07:19:52+00:00\",\"breadcrumb\":{\"@id\":\"https:\/\/moremilk2day.com\/produkt\/company-consultation-phone\/#breadcrumb\"},\"inLanguage\":\"de\",\"potentialAction\":[{\"@type\":\"ReadAction\",\"target\":[\"https:\/\/moremilk2day.com\/produkt\/company-consultation-phone\/\"]}]},{\"@type\":\"ImageObject\",\"inLanguage\":\"de\",\"@id\":\"https:\/\/moremilk2day.com\/produkt\/company-consultation-phone\/#primaryimage\",\"url\":\"https:\/\/moremilk2day.com\/wp-content\/uploads\/2020\/10\/Farmer_phone.jpg\",\"contentUrl\":\"https:\/\/moremilk2day.com\/wp-content\/uploads\/2020\/10\/Farmer_phone.jpg\",\"width\":1200,\"height\":1200},{\"@type\":\"BreadcrumbList\",\"@id\":\"https:\/\/moremilk2day.com\/produkt\/company-consultation-phone\/#breadcrumb\",\"itemListElement\":[{\"@type\":\"ListItem\",\"position\":1,\"name\":\"Home\",\"item\":\"https:\/\/moremilk2day.com\/de\/\"},{\"@type\":\"ListItem\",\"position\":2,\"name\":\"Produkte\",\"item\":\"https:\/\/moremilk2day.com\/de\/produkte\/\"},{\"@type\":\"ListItem\",\"position\":3,\"name\":\"Betriebsberatung per Telefon\"}]},{\"@type\":\"WebSite\",\"@id\":\"https:\/\/moremilk2day.com\/#website\",\"url\":\"https:\/\/moremilk2day.com\/\",\"name\":\"More Milk 2 Day\",\"description\":\"Wij ondersteunen melkveehouders bij het houden van gezonde koeien die (h)eerlijke melk produceren\",\"publisher\":{\"@id\":\"https:\/\/moremilk2day.com\/#organization\"},\"potentialAction\":[{\"@type\":\"SearchAction\",\"target\":{\"@type\":\"EntryPoint\",\"urlTemplate\":\"https:\/\/moremilk2day.com\/?s={search_term_string}\"},\"query-input\":{\"@type\":\"PropertyValueSpecification\",\"valueRequired\":true,\"valueName\":\"search_term_string\"}}],\"inLanguage\":\"de\"},{\"@type\":\"Organization\",\"@id\":\"https:\/\/moremilk2day.com\/#organization\",\"name\":\"MoreMilk2Day B.V.\",\"url\":\"https:\/\/moremilk2day.com\/\",\"logo\":{\"@type\":\"ImageObject\",\"inLanguage\":\"de\",\"@id\":\"https:\/\/moremilk2day.com\/#\/schema\/logo\/image\/\",\"url\":\"https:\/\/moremilk2day.com\/wp-content\/uploads\/2020\/10\/Logo_MoreMilk2Day.png\",\"contentUrl\":\"https:\/\/moremilk2day.com\/wp-content\/uploads\/2020\/10\/Logo_MoreMilk2Day.png\",\"width\":2520,\"height\":660,\"caption\":\"MoreMilk2Day B.V.\"},\"image\":{\"@id\":\"https:\/\/moremilk2day.com\/#\/schema\/logo\/image\/\"}}]}<\/script>\n<!-- \/ Yoast SEO plugin. -->","yoast_head_json":{"title":"Betriebsberatung per Telefon - More Milk 2 Day","robots":{"index":"index","follow":"follow","max-snippet":"max-snippet:-1","max-image-preview":"max-image-preview:large","max-video-preview":"max-video-preview:-1"},"canonical":"https:\/\/moremilk2day.com\/produkt\/company-consultation-phone\/","og_locale":"de_DE","og_type":"article","og_title":"Betriebsberatung per Telefon - More Milk 2 Day","og_description":"W\u00e4hrend einer telefonischen Betriebsberatung besprechen wir mit Ihnen die Ergebnisse Ihrer Proben und welche Ma\u00dfnahmen f\u00fcr Sie am besten geeignet sind. Dies hilft Ihnen, die Gesundheit Ihrer Herde auf effiziente Weise in den Griff zu bekommen, ohne viel Zeit und Geld investieren zu m\u00fcssen. Bei einem viertelj\u00e4hrlichen Abonnement f\u00fcr eine Tankmilch- oder Einstreu-Untersuchung ist eine telefonische Betriebsberatung inbegriffen.","og_url":"https:\/\/moremilk2day.com\/produkt\/company-consultation-phone\/","og_site_name":"More Milk 2 Day","article_modified_time":"2020-10-20T07:19:52+00:00","og_image":[{"width":1200,"height":1200,"url":"https:\/\/moremilk2day.com\/wp-content\/uploads\/2020\/10\/Farmer_phone.jpg","type":"image\/jpeg"}],"twitter_card":"summary_large_image","schema":{"@context":"https:\/\/schema.org","@graph":[{"@type":"WebPage","@id":"https:\/\/moremilk2day.com\/produkt\/company-consultation-phone\/","url":"https:\/\/moremilk2day.com\/produkt\/company-consultation-phone\/","name":"Betriebsberatung per Telefon - More Milk 2 Day","isPartOf":{"@id":"https:\/\/moremilk2day.com\/#website"},"primaryImageOfPage":{"@id":"https:\/\/moremilk2day.com\/produkt\/company-consultation-phone\/#primaryimage"},"image":{"@id":"https:\/\/moremilk2day.com\/produkt\/company-consultation-phone\/#primaryimage"},"thumbnailUrl":"https:\/\/moremilk2day.com\/wp-content\/uploads\/2020\/10\/Farmer_phone.jpg","datePublished":"2020-10-07T11:04:36+00:00","dateModified":"2020-10-20T07:19:52+00:00","breadcrumb":{"@id":"https:\/\/moremilk2day.com\/produkt\/company-consultation-phone\/#breadcrumb"},"inLanguage":"de","potentialAction":[{"@type":"ReadAction","target":["https:\/\/moremilk2day.com\/produkt\/company-consultation-phone\/"]}]},{"@type":"ImageObject","inLanguage":"de","@id":"https:\/\/moremilk2day.com\/produkt\/company-consultation-phone\/#primaryimage","url":"https:\/\/moremilk2day.com\/wp-content\/uploads\/2020\/10\/Farmer_phone.jpg","contentUrl":"https:\/\/moremilk2day.com\/wp-content\/uploads\/2020\/10\/Farmer_phone.jpg","width":1200,"height":1200},{"@type":"BreadcrumbList","@id":"https:\/\/moremilk2day.com\/produkt\/company-consultation-phone\/#breadcrumb","itemListElement":[{"@type":"ListItem","position":1,"name":"Home","item":"https:\/\/moremilk2day.com\/de\/"},{"@type":"ListItem","position":2,"name":"Produkte","item":"https:\/\/moremilk2day.com\/de\/produkte\/"},{"@type":"ListItem","position":3,"name":"Betriebsberatung per Telefon"}]},{"@type":"WebSite","@id":"https:\/\/moremilk2day.com\/#website","url":"https:\/\/moremilk2day.com\/","name":"More Milk 2 Day","description":"Wij ondersteunen melkveehouders bij het houden van gezonde koeien die (h)eerlijke melk produceren","publisher":{"@id":"https:\/\/moremilk2day.com\/#organization"},"potentialAction":[{"@type":"SearchAction","target":{"@type":"EntryPoint","urlTemplate":"https:\/\/moremilk2day.com\/?s={search_term_string}"},"query-input":{"@type":"PropertyValueSpecification","valueRequired":true,"valueName":"search_term_string"}}],"inLanguage":"de"},{"@type":"Organization","@id":"https:\/\/moremilk2day.com\/#organization","name":"MoreMilk2Day B.V.","url":"https:\/\/moremilk2day.com\/","logo":{"@type":"ImageObject","inLanguage":"de","@id":"https:\/\/moremilk2day.com\/#\/schema\/logo\/image\/","url":"https:\/\/moremilk2day.com\/wp-content\/uploads\/2020\/10\/Logo_MoreMilk2Day.png","contentUrl":"https:\/\/moremilk2day.com\/wp-content\/uploads\/2020\/10\/Logo_MoreMilk2Day.png","width":2520,"height":660,"caption":"MoreMilk2Day B.V."},"image":{"@id":"https:\/\/moremilk2day.com\/#\/schema\/logo\/image\/"}}]}},"_links":{"self":[{"href":"https:\/\/moremilk2day.com\/de\/wp-json\/wp\/v2\/product\/2975","targetHints":{"allow":["GET"]}}],"collection":[{"href":"https:\/\/moremilk2day.com\/de\/wp-json\/wp\/v2\/product"}],"about":[{"href":"https:\/\/moremilk2day.com\/de\/wp-json\/wp\/v2\/types\/product"}],"replies":[{"embeddable":true,"href":"https:\/\/moremilk2day.com\/de\/wp-json\/wp\/v2\/comments?post=2975"}],"wp:featuredmedia":[{"embeddable":true,"href":"https:\/\/moremilk2day.com\/de\/wp-json\/wp\/v2\/media\/2543"}],"wp:attachment":[{"href":"https:\/\/moremilk2day.com\/de\/wp-json\/wp\/v2\/media?parent=2975"}],"wp:term":[{"taxonomy":"product_brand","embeddable":true,"href":"https:\/\/moremilk2day.com\/de\/wp-json\/wp\/v2\/product_brand?post=2975"},{"taxonomy":"product_cat","embeddable":true,"href":"https:\/\/moremilk2day.com\/de\/wp-json\/wp\/v2\/product_cat?post=2975"},{"taxonomy":"product_tag","embeddable":true,"href":"https:\/\/moremilk2day.com\/de\/wp-json\/wp\/v2\/product_tag?post=2975"}],"curies":[{"name":"wp","href":"https:\/\/api.w.org\/{rel}","templated":true}]}}