{"id":3562,"date":"2021-01-31T16:58:46","date_gmt":"2021-01-31T15:58:46","guid":{"rendered":"https:\/\/moremilk2day.com\/?post_type=product&#038;p=3562"},"modified":"2023-09-22T13:16:41","modified_gmt":"2023-09-22T12:16:41","slug":"mm2d-hygiene-beratung","status":"publish","type":"product","link":"https:\/\/moremilk2day.com\/de\/produkt\/mm2d-hygiene-beratung\/","title":{"rendered":"MM2D Hygiene Beratung"},"content":{"rendered":"","protected":false},"excerpt":{"rendered":"<p>M\u00f6chten Sie wirklich etwas f\u00fcr die Hygiene und die Gesundheit Ihrer Herde tun?<br \/>\nDann buchen Sie eine Hygiene Beratung durch einen MoreMilk2Day-Spezialisten.<br \/>\nW\u00e4hrend dieser  Beratung werden wir gemeinsam alle Aspekte Ihres Unternehmens untersuchen.<br \/>\nWir betrachten die Hygiene im Melkstand, in den Liegeboxen und bei den K\u00e4lbern.<br \/>\nGem\u00e4\u00df dem MoreMilk2Day-Protokoll wird der Grad der Kontamination an 20 Punkten auf Ihrem Betrieb gemessen.<br \/>\nGemeinsam mit Ihnen wird ein Plan f\u00fcr die Vorgehensweise erstellt und ein Ziel festgelegt, auf das Sie gemeinsam mit uns hinarbeiten werden. <\/p>\n<p>Zum Hygiene Beratung geh\u00f6ren auch 3 PCR Proben (Tankmilch oder Einstreu)<\/p>\n","protected":false},"featured_media":2823,"comment_status":"open","ping_status":"closed","template":"","meta":{"inline_featured_image":false,"_kad_post_transparent":"default","_kad_post_title":"","_kad_post_layout":"default","_kad_post_sidebar_id":"","_kad_post_content_style":"default","_kad_post_vertical_padding":"default","_kad_post_feature":"","_kad_post_feature_position":"","_kad_post_header":false,"_kad_post_footer":false},"product_brand":[],"product_cat":[56],"product_tag":[],"class_list":{"0":"post-3562","1":"product","2":"type-product","3":"status-publish","4":"has-post-thumbnail","6":"product_cat-konsultation","8":"first","9":"instock","10":"featured","11":"taxable","12":"shipping-taxable","13":"purchasable","14":"product-type-simple","15":"entry","16":"content-bg","17":"loop-entry"},"yoast_head":"<!-- This site is optimized with the Yoast SEO plugin v25.2 - https:\/\/yoast.com\/wordpress\/plugins\/seo\/ -->\n<title>MM2D Hygiene Beratung - More Milk 2 Day<\/title>\n<meta name=\"robots\" content=\"index, follow, max-snippet:-1, max-image-preview:large, max-video-preview:-1\" \/>\n<link rel=\"canonical\" href=\"https:\/\/moremilk2day.com\/produkt\/udder-health-check\/\" \/>\n<meta property=\"og:locale\" content=\"de_DE\" \/>\n<meta property=\"og:type\" content=\"article\" \/>\n<meta property=\"og:title\" content=\"MM2D Hygiene Beratung - More Milk 2 Day\" \/>\n<meta property=\"og:description\" content=\"M\u00f6chten Sie wirklich etwas f\u00fcr die Hygiene und die Gesundheit Ihrer Herde tun?  Dann buchen Sie eine Hygiene Beratung durch einen MoreMilk2Day-Spezialisten.  W\u00e4hrend dieser Beratung werden wir gemeinsam alle Aspekte Ihres Unternehmens untersuchen.  Wir betrachten die Hygiene im Melkstand, in den Liegeboxen und bei den K\u00e4lbern.  Gem\u00e4\u00df dem MoreMilk2Day-Protokoll wird der Grad der Kontamination an 20 Punkten auf Ihrem Betrieb gemessen.  Gemeinsam mit Ihnen wird ein Plan f\u00fcr die Vorgehensweise erstellt und ein Ziel festgelegt, auf das Sie gemeinsam mit uns hinarbeiten werden.   Zum Hygiene Beratung geh\u00f6ren auch 3 PCR Proben (Tankmilch oder Einstreu)\" \/>\n<meta property=\"og:url\" content=\"https:\/\/moremilk2day.com\/produkt\/udder-health-check\/\" \/>\n<meta property=\"og:site_name\" content=\"More Milk 2 Day\" \/>\n<meta property=\"article:modified_time\" content=\"2023-09-22T12:16:41+00:00\" \/>\n<meta property=\"og:image\" content=\"https:\/\/moremilk2day.com\/wp-content\/uploads\/2020\/10\/Company-consultation-on-location.jpg\" \/>\n\t<meta property=\"og:image:width\" content=\"1200\" \/>\n\t<meta property=\"og:image:height\" content=\"1200\" \/>\n\t<meta property=\"og:image:type\" content=\"image\/jpeg\" \/>\n<meta name=\"twitter:card\" content=\"summary_large_image\" \/>\n<script type=\"application\/ld+json\" class=\"yoast-schema-graph\">{\"@context\":\"https:\/\/schema.org\",\"@graph\":[{\"@type\":\"WebPage\",\"@id\":\"https:\/\/moremilk2day.com\/produkt\/udder-health-check\/\",\"url\":\"https:\/\/moremilk2day.com\/produkt\/udder-health-check\/\",\"name\":\"MM2D Hygiene Beratung - More Milk 2 Day\",\"isPartOf\":{\"@id\":\"https:\/\/moremilk2day.com\/#website\"},\"primaryImageOfPage\":{\"@id\":\"https:\/\/moremilk2day.com\/produkt\/udder-health-check\/#primaryimage\"},\"image\":{\"@id\":\"https:\/\/moremilk2day.com\/produkt\/udder-health-check\/#primaryimage\"},\"thumbnailUrl\":\"https:\/\/moremilk2day.com\/wp-content\/uploads\/2020\/10\/Company-consultation-on-location.jpg\",\"datePublished\":\"2021-01-31T15:58:46+00:00\",\"dateModified\":\"2023-09-22T12:16:41+00:00\",\"breadcrumb\":{\"@id\":\"https:\/\/moremilk2day.com\/produkt\/udder-health-check\/#breadcrumb\"},\"inLanguage\":\"de\",\"potentialAction\":[{\"@type\":\"ReadAction\",\"target\":[\"https:\/\/moremilk2day.com\/produkt\/udder-health-check\/\"]}]},{\"@type\":\"ImageObject\",\"inLanguage\":\"de\",\"@id\":\"https:\/\/moremilk2day.com\/produkt\/udder-health-check\/#primaryimage\",\"url\":\"https:\/\/moremilk2day.com\/wp-content\/uploads\/2020\/10\/Company-consultation-on-location.jpg\",\"contentUrl\":\"https:\/\/moremilk2day.com\/wp-content\/uploads\/2020\/10\/Company-consultation-on-location.jpg\",\"width\":1200,\"height\":1200},{\"@type\":\"BreadcrumbList\",\"@id\":\"https:\/\/moremilk2day.com\/produkt\/udder-health-check\/#breadcrumb\",\"itemListElement\":[{\"@type\":\"ListItem\",\"position\":1,\"name\":\"Home\",\"item\":\"https:\/\/moremilk2day.com\/de\/\"},{\"@type\":\"ListItem\",\"position\":2,\"name\":\"Produkte\",\"item\":\"https:\/\/moremilk2day.com\/de\/produkte\/\"},{\"@type\":\"ListItem\",\"position\":3,\"name\":\"MM2D Hygiene Beratung\"}]},{\"@type\":\"WebSite\",\"@id\":\"https:\/\/moremilk2day.com\/#website\",\"url\":\"https:\/\/moremilk2day.com\/\",\"name\":\"More Milk 2 Day\",\"description\":\"Wij ondersteunen melkveehouders bij het houden van gezonde koeien die (h)eerlijke melk produceren\",\"publisher\":{\"@id\":\"https:\/\/moremilk2day.com\/#organization\"},\"potentialAction\":[{\"@type\":\"SearchAction\",\"target\":{\"@type\":\"EntryPoint\",\"urlTemplate\":\"https:\/\/moremilk2day.com\/?s={search_term_string}\"},\"query-input\":{\"@type\":\"PropertyValueSpecification\",\"valueRequired\":true,\"valueName\":\"search_term_string\"}}],\"inLanguage\":\"de\"},{\"@type\":\"Organization\",\"@id\":\"https:\/\/moremilk2day.com\/#organization\",\"name\":\"MoreMilk2Day B.V.\",\"url\":\"https:\/\/moremilk2day.com\/\",\"logo\":{\"@type\":\"ImageObject\",\"inLanguage\":\"de\",\"@id\":\"https:\/\/moremilk2day.com\/#\/schema\/logo\/image\/\",\"url\":\"https:\/\/moremilk2day.com\/wp-content\/uploads\/2020\/10\/Logo_MoreMilk2Day.png\",\"contentUrl\":\"https:\/\/moremilk2day.com\/wp-content\/uploads\/2020\/10\/Logo_MoreMilk2Day.png\",\"width\":2520,\"height\":660,\"caption\":\"MoreMilk2Day B.V.\"},\"image\":{\"@id\":\"https:\/\/moremilk2day.com\/#\/schema\/logo\/image\/\"}}]}<\/script>\n<!-- \/ Yoast SEO plugin. -->","yoast_head_json":{"title":"MM2D Hygiene Beratung - More Milk 2 Day","robots":{"index":"index","follow":"follow","max-snippet":"max-snippet:-1","max-image-preview":"max-image-preview:large","max-video-preview":"max-video-preview:-1"},"canonical":"https:\/\/moremilk2day.com\/produkt\/udder-health-check\/","og_locale":"de_DE","og_type":"article","og_title":"MM2D Hygiene Beratung - More Milk 2 Day","og_description":"M\u00f6chten Sie wirklich etwas f\u00fcr die Hygiene und die Gesundheit Ihrer Herde tun?  Dann buchen Sie eine Hygiene Beratung durch einen MoreMilk2Day-Spezialisten.  W\u00e4hrend dieser Beratung werden wir gemeinsam alle Aspekte Ihres Unternehmens untersuchen.  Wir betrachten die Hygiene im Melkstand, in den Liegeboxen und bei den K\u00e4lbern.  Gem\u00e4\u00df dem MoreMilk2Day-Protokoll wird der Grad der Kontamination an 20 Punkten auf Ihrem Betrieb gemessen.  Gemeinsam mit Ihnen wird ein Plan f\u00fcr die Vorgehensweise erstellt und ein Ziel festgelegt, auf das Sie gemeinsam mit uns hinarbeiten werden.   Zum Hygiene Beratung geh\u00f6ren auch 3 PCR Proben (Tankmilch oder Einstreu)","og_url":"https:\/\/moremilk2day.com\/produkt\/udder-health-check\/","og_site_name":"More Milk 2 Day","article_modified_time":"2023-09-22T12:16:41+00:00","og_image":[{"width":1200,"height":1200,"url":"https:\/\/moremilk2day.com\/wp-content\/uploads\/2020\/10\/Company-consultation-on-location.jpg","type":"image\/jpeg"}],"twitter_card":"summary_large_image","schema":{"@context":"https:\/\/schema.org","@graph":[{"@type":"WebPage","@id":"https:\/\/moremilk2day.com\/produkt\/udder-health-check\/","url":"https:\/\/moremilk2day.com\/produkt\/udder-health-check\/","name":"MM2D Hygiene Beratung - More Milk 2 Day","isPartOf":{"@id":"https:\/\/moremilk2day.com\/#website"},"primaryImageOfPage":{"@id":"https:\/\/moremilk2day.com\/produkt\/udder-health-check\/#primaryimage"},"image":{"@id":"https:\/\/moremilk2day.com\/produkt\/udder-health-check\/#primaryimage"},"thumbnailUrl":"https:\/\/moremilk2day.com\/wp-content\/uploads\/2020\/10\/Company-consultation-on-location.jpg","datePublished":"2021-01-31T15:58:46+00:00","dateModified":"2023-09-22T12:16:41+00:00","breadcrumb":{"@id":"https:\/\/moremilk2day.com\/produkt\/udder-health-check\/#breadcrumb"},"inLanguage":"de","potentialAction":[{"@type":"ReadAction","target":["https:\/\/moremilk2day.com\/produkt\/udder-health-check\/"]}]},{"@type":"ImageObject","inLanguage":"de","@id":"https:\/\/moremilk2day.com\/produkt\/udder-health-check\/#primaryimage","url":"https:\/\/moremilk2day.com\/wp-content\/uploads\/2020\/10\/Company-consultation-on-location.jpg","contentUrl":"https:\/\/moremilk2day.com\/wp-content\/uploads\/2020\/10\/Company-consultation-on-location.jpg","width":1200,"height":1200},{"@type":"BreadcrumbList","@id":"https:\/\/moremilk2day.com\/produkt\/udder-health-check\/#breadcrumb","itemListElement":[{"@type":"ListItem","position":1,"name":"Home","item":"https:\/\/moremilk2day.com\/de\/"},{"@type":"ListItem","position":2,"name":"Produkte","item":"https:\/\/moremilk2day.com\/de\/produkte\/"},{"@type":"ListItem","position":3,"name":"MM2D Hygiene Beratung"}]},{"@type":"WebSite","@id":"https:\/\/moremilk2day.com\/#website","url":"https:\/\/moremilk2day.com\/","name":"More Milk 2 Day","description":"Wij ondersteunen melkveehouders bij het houden van gezonde koeien die (h)eerlijke melk produceren","publisher":{"@id":"https:\/\/moremilk2day.com\/#organization"},"potentialAction":[{"@type":"SearchAction","target":{"@type":"EntryPoint","urlTemplate":"https:\/\/moremilk2day.com\/?s={search_term_string}"},"query-input":{"@type":"PropertyValueSpecification","valueRequired":true,"valueName":"search_term_string"}}],"inLanguage":"de"},{"@type":"Organization","@id":"https:\/\/moremilk2day.com\/#organization","name":"MoreMilk2Day B.V.","url":"https:\/\/moremilk2day.com\/","logo":{"@type":"ImageObject","inLanguage":"de","@id":"https:\/\/moremilk2day.com\/#\/schema\/logo\/image\/","url":"https:\/\/moremilk2day.com\/wp-content\/uploads\/2020\/10\/Logo_MoreMilk2Day.png","contentUrl":"https:\/\/moremilk2day.com\/wp-content\/uploads\/2020\/10\/Logo_MoreMilk2Day.png","width":2520,"height":660,"caption":"MoreMilk2Day B.V."},"image":{"@id":"https:\/\/moremilk2day.com\/#\/schema\/logo\/image\/"}}]}},"_links":{"self":[{"href":"https:\/\/moremilk2day.com\/de\/wp-json\/wp\/v2\/product\/3562","targetHints":{"allow":["GET"]}}],"collection":[{"href":"https:\/\/moremilk2day.com\/de\/wp-json\/wp\/v2\/product"}],"about":[{"href":"https:\/\/moremilk2day.com\/de\/wp-json\/wp\/v2\/types\/product"}],"replies":[{"embeddable":true,"href":"https:\/\/moremilk2day.com\/de\/wp-json\/wp\/v2\/comments?post=3562"}],"wp:featuredmedia":[{"embeddable":true,"href":"https:\/\/moremilk2day.com\/de\/wp-json\/wp\/v2\/media\/2823"}],"wp:attachment":[{"href":"https:\/\/moremilk2day.com\/de\/wp-json\/wp\/v2\/media?parent=3562"}],"wp:term":[{"taxonomy":"product_brand","embeddable":true,"href":"https:\/\/moremilk2day.com\/de\/wp-json\/wp\/v2\/product_brand?post=3562"},{"taxonomy":"product_cat","embeddable":true,"href":"https:\/\/moremilk2day.com\/de\/wp-json\/wp\/v2\/product_cat?post=3562"},{"taxonomy":"product_tag","embeddable":true,"href":"https:\/\/moremilk2day.com\/de\/wp-json\/wp\/v2\/product_tag?post=3562"}],"curies":[{"name":"wp","href":"https:\/\/api.w.org\/{rel}","templated":true}]}}